{"id":3695,"date":"2020-08-14T22:19:37","date_gmt":"2020-08-14T20:19:37","guid":{"rendered":"http:\/\/marjolainebernard.com\/?page_id=3695"},"modified":"2020-11-19T12:23:34","modified_gmt":"2020-11-19T11:23:34","slug":"politique-de-confidentialite","status":"publish","type":"page","link":"https:\/\/marjolainebernard.com\/index.php\/politique-de-confidentialite\/","title":{"rendered":"MENTIONS L\u00c9GALES ET POLITIQUE DE CONFIDENTIALIT\u00c9"},"content":{"rendered":"\n<section class=\"wp-block-uagb-section uagb-section__wrap uagb-section__background-undefined uagb-block-6f858b2d\"><div class=\"uagb-section__overlay\"><\/div><div class=\"uagb-section__inner-wrap\">\n<p class=\"has-text-align-center\">Conform\u00e9ment aux dispositions des articles 6-III et 19 de la Loi n\u00b0 2004-575 du 21 juin 2004 pour la Confiance dans l\u2019\u00e9conomie num\u00e9rique, dite L.C.E.N., nous portons \u00e0 la connaissance des utilisateurs et visiteurs du site : marjolainebernard.com les informations suivantes :<\/p>\n\n\n\n<p>Est d\u00e9sign\u00e9 ci-apr\u00e8s : Utilisateur, tout internaute se connectant et utilisant le site susnomm\u00e9 : marjolainebernard.com.<\/p>\n\n\n\n<h4 class=\"wp-block-heading\">SOCI\u00c9T\u00c9<\/h4>\n\n\n\n<p>Raison sociale :&nbsp;Marjolaine Bernard<br>Num\u00e9ro de SIRET : 749 896 254 00028<br>Responsable \u00e9ditorial : Marjolaine Bernard<br>Adresse du si\u00e8ge social : 6 rue Louis Ploton \u2013 45400 Fleury les Aubrais<br>Email : contact@marjolainebernard.com<br>Site Web : marjolainebernard.com<\/p>\n\n\n\n<h4 class=\"wp-block-heading\">CR\u00c9ATION ET H\u00c9BERGEMENT<\/h4>\n\n\n\n<p>Raison sociale :&nbsp;Marjolaine Bernard<br>Site cr\u00e9\u00e9 par Marjolaine Bernard sous WordPress.<\/p>\n\n\n\n<p>H\u00e9bergement sur les serveurs de la SAS OVH \u2013 <a href=\"http:\/\/www.ovh.com\/\">www.ovh.com<\/a><br>2 rue Kellermann<br>BP 80157<br>59100 Roubaix<\/p>\n\n\n\n<h4 class=\"wp-block-heading\">OPTIMISATION<\/h4>\n\n\n\n<p>Le site est optimis\u00e9 pour une visualisation sur des \u00e9crans de 1024 pixels de large et pour des navigateurs modernes comme Safari, Firefox, Google Chrome et des versions d\u2019Internet Explorer &gt;8.<\/p>\n\n\n\n<h4 class=\"wp-block-heading\">COOKIES<\/h4>\n\n\n\n<p>L\u2019utilisateur est inform\u00e9 que lors de ses visites sur le site marjolainebernard.com, un ou des cookies sont susceptibles de s\u2019installer automatiquement sur son ordinateur par l\u2019interm\u00e9diaire de son logiciel de navigation. Un cookie est un bloc de donn\u00e9es qui ne permet pas d\u2019identifier l\u2019utilisateur, mais qui enregistre des informations relatives \u00e0 la navigation de celui-ci sur le site. Le refus d\u2019installation d\u2019un cookie peut entra\u00eener l\u2019impossibilit\u00e9 d\u2019acc\u00e9der \u00e0 certains services.<\/p>\n\n\n\n<p>L\u2019utilisateur peut toutefois configurer son ordinateur de la mani\u00e8re suivante, pour refuser l\u2019installation des cookies :<\/p>\n\n\n\n<p>Sous Internet Explorer : onglet outil (pictogramme en forme de rouage en haut a droite) \/ options internet. Cliquer sur Confidentialit\u00e9 et choisir Bloquer tous les cookies. Valider sur Ok.<\/p>\n\n\n\n<p>Sous Firefox : en haut de la fen\u00eatre du navigateur, cliquer sur le bouton Firefox, puis aller dans l\u2019onglet Options. Cliquer sur l\u2019onglet Vie priv\u00e9e. Param\u00e9trer les R\u00e8gles de conservation sur : utiliser les param\u00e8tres personnalis\u00e9s pour l\u2019historique. D\u00e9cocher pour d\u00e9sactiver les cookies.<\/p>\n\n\n\n<p>Sous Safari : Cliquer en haut \u00e0 droite du navigateur sur le pictogramme de menu (symbolis\u00e9 par un rouage). S\u00e9lectionner Param\u00e8tres. Cliquer sur Afficher les param\u00e8tres avanc\u00e9s. Dans la section \u00ab Confidentialit\u00e9 \u00bb, cliquer sur Param\u00e8tres de contenu. Dans la section \u00ab Cookies \u00bb, l\u2019utilisateur peut bloquer les cookies.<\/p>\n\n\n\n<p>Sous Chrome : Cliquer en haut \u00e0 droite du navigateur sur le pictogramme de menu (symbolis\u00e9 par trois lignes horizontales). S\u00e9lectionner Param\u00e8tres. Cliquer sur Afficher les param\u00e8tres avanc\u00e9s. Dans la section \u00ab Confidentialit\u00e9 \u00bb, cliquer sur pr\u00e9f\u00e9rences. Dans l\u2019onglet \u00ab Confidentialit\u00e9 \u00bb, l\u2019utilisateur peut bloquer les cookies.<\/p>\n\n\n\n<h4 class=\"wp-block-heading\">LIENS HYPERTEXTES<\/h4>\n\n\n\n<p>Le site marjolainebernard.com contient un certain nombre de liens hypertextes vers d\u2019autres sites (partenaires, informations \u2026) mis en place avec l\u2019autorisation de Marjolaine Bernard. Les liens vers des sites externes sont fournis \u00e0 titre informatif. Marjolaine Bernard ne saurait \u00eatre tenue pour responsable du contenu des sites externes r\u00e9f\u00e9renc\u00e9s.<\/p>\n\n\n\n<p>L\u2019utilisateur du site marjolainebernard.com ne peut mettre en place un hyperlien en direction de ce site qu\u2019avec l\u2019autorisation expresse et pr\u00e9alable de Marjolaine Bernard.<br>Dans l\u2019hypoth\u00e8se o\u00f9 un utilisateur souhaiterait mettre en place un hyperlien en direction du site internet de Marjolaine Bernard, il lui appartiendra d\u2019adresser un e-mail depuis la page contact accessible sur le site afin de formuler sa demande de mise en place d\u2019un hyperlien. Marjolaine Bernard se r\u00e9serve le droit d\u2019accepter ou de refuser un hyperlien sans avoir \u00e0 en justifier sa d\u00e9cision.<\/p>\n\n\n\n<h4 class=\"wp-block-heading\">SERVICES FOURNIS<\/h4>\n\n\n\n<p>L\u2019ensemble des activit\u00e9s de la soci\u00e9t\u00e9 ainsi que ses informations sont pr\u00e9sent\u00e9es sur le site marjolainebernard.com.<br>Marjolaine Bernard s\u2019efforce d\u2019y fournir des informations aussi pr\u00e9cises que possible. Les renseignements figurant sur le site ne sont pas exhaustifs et les photos non contractuelles. Ils sont donn\u00e9s sous r\u00e9serve de modifications ayant \u00e9t\u00e9 apport\u00e9es depuis leur mise en ligne. Par ailleurs, toutes les informations indiqu\u00e9es sur le site marjolainebernard.com sont donn\u00e9es \u00e0 titre indicatif, et sont susceptibles de changer ou d\u2019\u00e9voluer sans pr\u00e9avis.<\/p>\n\n\n\n<h4 class=\"wp-block-heading\">LIMITATION CONTRACTUELLE SUR LES DONN\u00c9ES<\/h4>\n\n\n\n<p>Les informations contenues sur ce site sont aussi pr\u00e9cises que possibles et le site remis \u00e0 jour \u00e0 diff\u00e9rentes p\u00e9riodes de l\u2019ann\u00e9e, mais peut toutefois contenir des inexactitudes ou des omissions. Si l\u2019utilisateur constate une lacune, erreur ou ce qui parait \u00eatre un dysfonctionnement, il est invit\u00e9 \u00e0 le signaler par e-mail, \u00e0 l\u2019adresse&nbsp;<a href=\"mailto:contact@beatricemaine.com\">contact@marjolainebernard.com<\/a>, en d\u00e9crivant le probl\u00e8me de la mani\u00e8re la plus pr\u00e9cise possible (page posant probl\u00e8me, type d\u2019ordinateur et de navigateur utilis\u00e9, \u2026).<br>Marjolaine Bernard n\u2019est en aucun cas responsable de l\u2019utilisation faite de ces informations, et de tout pr\u00e9judice direct ou indirect pouvant en d\u00e9couler.<\/p>\n\n\n\n<p>Tout contenu t\u00e9l\u00e9charg\u00e9 se fait aux risques et p\u00e9rils de l\u2019utilisateur et sous sa seule responsabilit\u00e9. En cons\u00e9quence, Marjolaine Bernard ne saurait \u00eatre tenue responsable d\u2019un quelconque dommage subi par l\u2019ordinateur de l\u2019utilisateur ou d\u2019une quelconque perte de donn\u00e9es cons\u00e9cutives au t\u00e9l\u00e9chargement. De plus, l\u2019utilisateur du site s\u2019engage \u00e0 acc\u00e9der au site en utilisant un mat\u00e9riel r\u00e9cent, ne contenant pas de virus et avec un navigateur de derni\u00e8re g\u00e9n\u00e9ration mis-\u00e0-jour.<\/p>\n\n\n\n<p>Les liens hypertextes mis en place dans le cadre du pr\u00e9sent site internet en direction d\u2019autres ressources pr\u00e9sentes sur le r\u00e9seau Internet ne sauraient engager la responsabilit\u00e9 de Marjolaine Bernard.<\/p>\n\n\n\n<p>Le site marjolainebernard.com est par principe accessible aux utilisateurs 24\/24h, 7\/7j, sauf interruption, programm\u00e9e ou non, pour les besoins de sa maintenance ou en cas de force majeure. En cas d\u2019impossibilit\u00e9 d\u2019acc\u00e8s au service, Marjolaine Bernard s\u2019engage \u00e0 faire son maximum afin de r\u00e9tablir l\u2019acc\u00e8s au service et s\u2019efforcera alors de communiquer pr\u00e9alablement aux utilisateurs les dates et heures de l\u2019intervention. N\u2019\u00e9tant soumise qu\u2019\u00e0 une obligation de moyen, Marjolaine Bernard ne saurait \u00eatre tenue pour responsable de tout dommage, quelle qu\u2019en soit la nature, r\u00e9sultant d\u2019une indisponibilit\u00e9 du service.<\/p>\n\n\n\n<h4 class=\"wp-block-heading\">PROPRI\u00c9T\u00c9 INTELLECTUELLE<\/h4>\n\n\n\n<p>L\u2019ensemble des \u00e9l\u00e9ments \u00e9dit\u00e9s sur ce site comme les textes, photographies, vid\u00e9os, infographies, etc. constituent des \u0153uvres au sens de la Propri\u00e9t\u00e9 Intellectuelle.<\/p>\n\n\n\n<p>Il est strictement interdit de les reproduire, modifier, rediffuser, exploiter commercialement ou les r\u00e9utiliser de quelque mani\u00e8re que ce soit, sans l\u2019accord pr\u00e9alable \u00e9crit de Marjolaine Bernard et le consentement des auteurs.<\/p>\n\n\n\n<p>Les marques mentionn\u00e9es sur ce site appartiennent \u00e0 leurs propri\u00e9taires respectifs.<\/p>\n\n\n\n<h4 class=\"wp-block-heading\">INFORMATIONS PERSONNELLES<\/h4>\n\n\n\n<p>Pour offrir des services adapt\u00e9s, il peut \u00eatre demand\u00e9 de fournir des informations personnelles. Marjolaine Bernard s\u2019engage \u00e0 respecter la vie priv\u00e9e et \u00e0 prot\u00e9ger les informations communiqu\u00e9es.<\/p>\n\n\n\n<p>Ces informations sont destin\u00e9es uniquement \u00e0 l\u2019usage interne. Elles sont confidentielles et trait\u00e9es comme telles. Elles ne pourront pas faire l\u2019objet de cession \u00e0 des tiers.<\/p>\n\n\n\n<h4 class=\"wp-block-heading\">PROTECTION DES DONN\u00c9ES<\/h4>\n\n\n\n<p>Les donn\u00e9es personnelles collect\u00e9es par Marjolaine Bernard sont destin\u00e9es exclusivement \u00e0 un usage interne. Ces donn\u00e9es ne seront en aucun cas c\u00e9d\u00e9es, vendues, lou\u00e9es ou pr\u00eat\u00e9es \u00e0 des tiers.<\/p>\n\n\n\n<p>Chaque personne qui s\u2019inscrit \u00e0 la Newsletter b\u00e9n\u00e9ficie d\u2019un droit d\u2019acc\u00e8s et de rectification aux informations qui la concernent.<\/p>\n\n\n\n<p>Il est possible de se d\u00e9sinscrire en tout temps de la Newsletter, en cliquant sur le lien \u00e0 cet effet et situ\u00e9 au bas de chaque mailing envoy\u00e9.<\/p>\n\n\n\n<h4 class=\"wp-block-heading\">D\u00c9CLARATION \u00c0 LA CNIL<\/h4>\n\n\n\n<p>Conform\u00e9ment \u00e0 la loi 78-17 du 6 janvier 1978 (modifi\u00e9e par la loi 2004-801 du 6 ao\u00fbt 2004 relative \u00e0 la protection des personnes physiques \u00e0 l\u2019\u00e9gard des traitements de donn\u00e9es \u00e0 caract\u00e8re personnel) relative \u00e0 l\u2019informatique, aux fichiers et aux libert\u00e9s, ce site a fait l\u2019objet d\u2019une d\u00e9claration aupr\u00e8s de la Commission nationale de l\u2019informatique et des libert\u00e9s (<a href=\"http:\/\/www.cnil.fr\/\">www.cnil.fr<\/a>).<\/p>\n\n\n\n<h4 class=\"wp-block-heading\">ACHAT ET POLITIQUE DE REMBOURSEMENT<\/h4>\n\n\n\n<p>Le paiement en ligne s\u2019effectue via le site de paiement s\u00e9curis\u00e9 PayPal qui offre toutes les garanties de fiabilit\u00e9 et de s\u00e9curit\u00e9. Il n\u2019est pas n\u00e9cessaire de disposer d\u2019un compte PayPal pour payer en ligne.<\/p>\n\n\n\n<p>Les codes de cartes bancaires sont stock\u00e9s par le site PayPal et en aucun cas par Marjolaine Bernard.<\/p>\n\n\n\n<p>L\u2019achat des produits et programmes en ligne sur ou via ce site ne donne lieu \u00e0 aucun remboursement. D\u00e8s inscription pour un programme en ligne, les contenus sont transmis dans un espace membre d\u00e9di\u00e9 pour en profiter imm\u00e9diatement.<\/p>\n\n\n\n<p>Si l\u2019option de payer en deux fois est choisie, le solde reste d\u00fb. En cas de paiement non honor\u00e9, le produit ne sera pas envoy\u00e9 ou l\u2019acc\u00e8s au programme sera supprim\u00e9 et des mesures de recouvrement seront entam\u00e9es.<\/p>\n\n\n\n<p>En validant l\u2019achat, ces conditions sont accept\u00e9es, ainsi que le fait de recevoir des e-mails :<br>\u00b7 pour la suite du processus autour de ce produit ou programme<br>\u00b7 envoy\u00e9s dans le cadre de la Newsletter<\/p>\n\n\n\n<h4 class=\"wp-block-heading\">LITIGES<\/h4>\n\n\n\n<p>Les pr\u00e9sentes conditions du site marjolainebernard.com sont r\u00e9gies par les lois fran\u00e7aises et toute contestation ou litige qui pourrait na\u00eetre de l\u2019interpr\u00e9tation ou de l\u2019ex\u00e9cution de celles-ci seront de la comp\u00e9tence exclusive des tribunaux dont d\u00e9pend le si\u00e8ge social de la soci\u00e9t\u00e9. La langue de r\u00e9f\u00e9rence, pour le r\u00e8glement de contentieux \u00e9ventuels, est le fran\u00e7ais.<\/p>\n<\/div><\/section>\n\n\n\n<p><\/p>\n","protected":false},"excerpt":{"rendered":"","protected":false},"author":1,"featured_media":0,"parent":0,"menu_order":12,"comment_status":"closed","ping_status":"closed","template":"","meta":{"qubely_global_settings":"","qubely_interactions":"","_uag_custom_page_level_css":"","site-sidebar-layout":"default","site-content-layout":"default","ast-site-content-layout":"default","site-content-style":"default","site-sidebar-style":"default","ast-global-header-display":"","ast-banner-title-visibility":"","ast-main-header-display":"","ast-hfb-above-header-display":"","ast-hfb-below-header-display":"","ast-hfb-mobile-header-display":"","site-post-title":"disabled","ast-breadcrumbs-content":"","ast-featured-img":"","footer-sml-layout":"","ast-disable-related-posts":"","theme-transparent-header-meta":"default","adv-header-id-meta":"4967","stick-header-meta":"default","header-above-stick-meta":"","header-main-stick-meta":"","header-below-stick-meta":"","astra-migrate-meta-layouts":"default","ast-page-background-enabled":"default","ast-page-background-meta":{"desktop":{"background-color":"","background-image":"","background-repeat":"repeat","background-position":"center center","background-size":"auto","background-attachment":"scroll","background-type":"","background-media":"","overlay-type":"","overlay-color":"","overlay-opacity":"","overlay-gradient":""},"tablet":{"background-color":"","background-image":"","background-repeat":"repeat","background-position":"center center","background-size":"auto","background-attachment":"scroll","background-type":"","background-media":"","overlay-type":"","overlay-color":"","overlay-opacity":"","overlay-gradient":""},"mobile":{"background-color":"","background-image":"","background-repeat":"repeat","background-position":"center center","background-size":"auto","background-attachment":"scroll","background-type":"","background-media":"","overlay-type":"","overlay-color":"","overlay-opacity":"","overlay-gradient":""}},"ast-content-background-meta":{"desktop":{"background-color":"var(--ast-global-color-5)","background-image":"","background-repeat":"repeat","background-position":"center center","background-size":"auto","background-attachment":"scroll","background-type":"","background-media":"","overlay-type":"","overlay-color":"","overlay-opacity":"","overlay-gradient":""},"tablet":{"background-color":"var(--ast-global-color-5)","background-image":"","background-repeat":"repeat","background-position":"center center","background-size":"auto","background-attachment":"scroll","background-type":"","background-media":"","overlay-type":"","overlay-color":"","overlay-opacity":"","overlay-gradient":""},"mobile":{"background-color":"var(--ast-global-color-5)","background-image":"","background-repeat":"repeat","background-position":"center center","background-size":"auto","background-attachment":"scroll","background-type":"","background-media":"","overlay-type":"","overlay-color":"","overlay-opacity":"","overlay-gradient":""}},"footnotes":""},"uagb_featured_image_src":{"full":false,"thumbnail":false,"medium":false,"medium_large":false,"large":false,"thumblist":false,"meccarouselthumb":false,"gridsquare":false,"tileview":false,"1536x1536":false,"2048x2048":false,"qubely_landscape":false,"qubely_portrait":false,"qubely_thumbnail":false,"ultp_layout_landscape_large":false,"ultp_layout_landscape":false,"ultp_layout_portrait":false,"ultp_layout_square":false,"wp_review_small":false,"wp_review_large":false},"uagb_author_info":{"display_name":"Marjolaine","author_link":"https:\/\/marjolainebernard.com\/index.php\/author\/admin8776\/"},"uagb_comment_info":0,"uagb_excerpt":null,"_links":{"self":[{"href":"https:\/\/marjolainebernard.com\/index.php\/wp-json\/wp\/v2\/pages\/3695"}],"collection":[{"href":"https:\/\/marjolainebernard.com\/index.php\/wp-json\/wp\/v2\/pages"}],"about":[{"href":"https:\/\/marjolainebernard.com\/index.php\/wp-json\/wp\/v2\/types\/page"}],"author":[{"embeddable":true,"href":"https:\/\/marjolainebernard.com\/index.php\/wp-json\/wp\/v2\/users\/1"}],"replies":[{"embeddable":true,"href":"https:\/\/marjolainebernard.com\/index.php\/wp-json\/wp\/v2\/comments?post=3695"}],"version-history":[{"count":8,"href":"https:\/\/marjolainebernard.com\/index.php\/wp-json\/wp\/v2\/pages\/3695\/revisions"}],"predecessor-version":[{"id":7524,"href":"https:\/\/marjolainebernard.com\/index.php\/wp-json\/wp\/v2\/pages\/3695\/revisions\/7524"}],"wp:attachment":[{"href":"https:\/\/marjolainebernard.com\/index.php\/wp-json\/wp\/v2\/media?parent=3695"}],"curies":[{"name":"wp","href":"https:\/\/api.w.org\/{rel}","templated":true}]}}