{"id":621,"date":"2019-04-17T10:04:40","date_gmt":"2019-04-17T08:04:40","guid":{"rendered":"http:\/\/marjolainebernard.com\/index.php\/about\/"},"modified":"2024-11-02T13:14:49","modified_gmt":"2024-11-02T12:14:49","slug":"a-propos","status":"publish","type":"page","link":"https:\/\/marjolainebernard.com\/index.php\/a-propos\/","title":{"rendered":"\u00c0 PROPOS"},"content":{"rendered":"\n<section class=\"wp-block-uagb-section uagb-section__wrap uagb-section__background-undefined uagb-block-fafb3aae\"><div class=\"uagb-section__overlay\"><\/div><div class=\"uagb-section__inner-wrap\">\n<div class=\"wp-block-uagb-advanced-heading uagb-block-b1c74b00\"><h3 class=\"uagb-heading-text\"><br>Marjolaine Bernard<\/h3><p class=\"uagb-desc-text\">Th\u00e9rapeute psycho-corporelle, Chanteuse intuitive,<br>Interpr\u00e8te des langages du corps et des messages des plantes,<br>Tisseuse de liens \u00e0 soi \u00b7 \u00e0 l&#8217;autre \u00b7 \u00e0 la vie &#8230;<br><\/p><\/div>\n\n\n\n<p><\/p>\n<\/div><\/section>\n\n\n\n<section class=\"wp-block-uagb-section uagb-section__wrap uagb-section__background-color alignwide uagb-block-a910cfa4\"><div class=\"uagb-section__overlay\"><\/div><div class=\"uagb-section__inner-wrap\">\n<section class=\"wp-block-uagb-columns uagb-columns__wrap uagb-columns__background-none uagb-columns__stack-mobile uagb-columns__valign- uagb-columns__gap-10 align uagb-block-e444e485 uagb-columns__columns-1 uagb-columns__max_width-theme\"><div class=\"uagb-columns__overlay\"><\/div><div class=\"uagb-columns__inner-wrap uagb-columns__columns-1\">\n<div class=\"wp-block-uagb-column uagb-column__wrap uagb-column__background-none uagb-block-6b015c40\"><div class=\"uagb-column__overlay\"><\/div>\n<p class=\"has-white-color has-text-color\">Tomb\u00e9e dans la marmite des soins naturels quand j&#8217;\u00e9tais petite, c\u2019est d\u2019abord comme patiente que j\u2019ai d\u00e9couvert le monde de la sant\u00e9 alternative. Pendant plus de 20 ans, j&#8217;ai souffert de douleurs digestives et articulaires que la m\u00e9decine &#8220;classique&#8221; n&#8217;a pu r\u00e9soudre. En outre, dot\u00e9e d\u2019une forte propension empathique et introspective, j&#8217;avais souvent eu du mal \u00e0 me sentir \u00e0 ma place.<br>Port\u00e9e par un d\u00e9sir profond de donner du sens \u00e0 mes maux, je me suis passionn\u00e9e pour le corps humain et ses extraordinaires ressources, ainsi que les liens corps-esprit. J\u2019ai naturellement poursuivi cette voie.<\/p>\n\n\n\n<p class=\"has-white-color has-text-color\">D\u2019abord R\u00e9flexologue plantaire, j&#8217;ai ensuite approfondi d&#8217;autres m\u00e9thodes de R\u00e9flexologie (Dien Chan, R\u00e9flexologie palmaire&#8230;), puis l\u2019Aromath\u00e9rapie, la M\u00e9decine chinoise, le Tchi Nei Zang, le Massage Intutif, la Coh\u00e9rence Vibratoire,&#8230;<\/p>\n\n\n\n<p class=\"has-white-color has-text-color\">Dans ma d\u00e9marche de soin. J\u2019ai vite r\u00e9alis\u00e9 que la maladie et la souffrance (corporelle et psychique) \u00e9taient une cons\u00e9quence et non une cause. Elles sont le r\u00e9sultat d\u2019un d\u00e9s\u00e9quilibre int\u00e9rieur (\u00e9puisement, carences, \u2026) et de l\u2019accumulation de diff\u00e9rents stress (physiques, \u00e9motionnels et psychiques). Je me suis alors form\u00e9 \u00e0 la psycho-\u00e9nerg\u00e9tique, la psychologie corporelle appliqu\u00e9e, \u2026 <br>Chanteuse autodidacte depuis tr\u00e8s jeune, le chant intuitif s&#8217;est ajout\u00e9 \u00e0 ma palettes d&#8217;outils. Au fil des ann\u00e9es, je le sens prendre une place de plus en plus importante dans ma pratique, et j&#8217;obtiens de bien meilleurs r\u00e9sultats\u2026 <\/p>\n\n\n\n<p class=\"has-white-color has-text-color\">Je continue sans cesse de fa\u00e7onner cette mission que je porte fi\u00e8rement, avec humanit\u00e9, intuition et int\u00e9grit\u00e9. <\/p>\n<\/div>\n<\/div><\/section>\n\n\n\n<section class=\"wp-block-uagb-columns uagb-columns__wrap uagb-columns__background-none uagb-columns__stack-mobile uagb-columns__valign- uagb-columns__gap-10 align uagb-block-19bb4827 uagb-columns__columns-2 uagb-columns__max_width-theme\"><div class=\"uagb-columns__overlay\"><\/div><div class=\"uagb-columns__inner-wrap uagb-columns__columns-2\">\n<div class=\"wp-block-uagb-column uagb-column__wrap uagb-column__background-none uagb-block-7ee61eed\"><div class=\"uagb-column__overlay\"><\/div>\n<p class=\"has-white-color has-text-color\">Au fur et \u00e0 mesure de mon parcours, de mes formations et accompagnements, je suis devenue experte des langages du corps et des soins naturels.<\/p>\n\n\n\n<p class=\"has-white-color has-text-color\">Ma passion est de faciliter la conversation entre vous et vous, de vous encourager \u00e0 investir dans votre sant\u00e9, et de vous aider \u00e0 cultiver votre attention et votre pr\u00e9sence, pour mener une vie riche et pleine de sens.<br>Vous comprenez mieux votre fonctionnement et devenez plus autonome pour vous soigner avec des m\u00e9thodes naturelles.<br>Vous d\u00e9veloppez votre intelligence corporelle pour vous engager dans les enjeux de la vie d\u2019un pied s\u00fbr.<br>Vous apprivoisez votre sensibilit\u00e9 et aiguisez votre agilit\u00e9 \u00e9motionnelle, pour la mettre au service de votre histoire et de votre relation aux autres.<br>Vous d\u00e9couvrez les richesses de l\u2019univers du non-verbal afin d\u2019entretenir une relation privil\u00e9gi\u00e9e avec le monde qui vous entoure.<br>En vous &#8220;l\u00e2chant la grappe&#8221;, vous reprenez de plus en plus les r\u00eanes de votre vie.<br><br>Vous r\u00e9pondez \u00e0 cet appel profond \u00e0 vivre des liens authentiques et puissants avec vous m\u2019aime et avec la Vie !<\/p>\n<\/div>\n\n\n\n<div class=\"wp-block-uagb-column uagb-column__wrap uagb-column__background-color uagb-block-ac3febde\"><div class=\"uagb-column__overlay\"><\/div>\n<figure class=\"wp-block-image size-large\"><img decoding=\"async\" width=\"823\" height=\"1024\" src=\"http:\/\/marjolainebernard.com\/wp-content\/uploads\/2020\/10\/Marjolaine_2-823x1024.jpg\" alt=\"\" class=\"wp-image-5267\" srcset=\"https:\/\/marjolainebernard.com\/wp-content\/uploads\/2020\/10\/Marjolaine_2-823x1024.jpg 823w, https:\/\/marjolainebernard.com\/wp-content\/uploads\/2020\/10\/Marjolaine_2-402x500.jpg 402w, https:\/\/marjolainebernard.com\/wp-content\/uploads\/2020\/10\/Marjolaine_2-768x956.jpg 768w, https:\/\/marjolainebernard.com\/wp-content\/uploads\/2020\/10\/Marjolaine_2-80x100.jpg 80w, https:\/\/marjolainebernard.com\/wp-content\/uploads\/2020\/10\/Marjolaine_2-1234x1536.jpg 1234w, https:\/\/marjolainebernard.com\/wp-content\/uploads\/2020\/10\/Marjolaine_2-1646x2048.jpg 1646w, https:\/\/marjolainebernard.com\/wp-content\/uploads\/2020\/10\/Marjolaine_2-600x747.jpg 600w, https:\/\/marjolainebernard.com\/wp-content\/uploads\/2020\/10\/Marjolaine_2-scaled.jpg 964w\" sizes=\"(max-width: 823px) 100vw, 823px\" \/><\/figure>\n<\/div>\n<\/div><\/section>\n\n\n\n<p><\/p>\n<\/div><\/section>\n\n\n\n<section class=\"wp-block-uagb-section uagb-section__wrap uagb-section__background-undefined uagb-block-70d5b121\"><div class=\"uagb-section__overlay\"><\/div><div class=\"uagb-section__inner-wrap\">\n<figure class=\"wp-block-gallery has-nested-images columns-4 is-cropped wp-block-gallery-1 is-layout-flex wp-block-gallery-is-layout-flex\">\n<figure class=\"wp-block-image size-thumbnail\"><img decoding=\"async\" width=\"300\" height=\"300\" src=\"https:\/\/marjolainebernard.com\/wp-content\/uploads\/2020\/11\/M_galerie_4-300x300.jpg\" alt=\"\" class=\"wp-image-5880\" srcset=\"https:\/\/marjolainebernard.com\/wp-content\/uploads\/2020\/11\/M_galerie_4-300x300.jpg 300w, https:\/\/marjolainebernard.com\/wp-content\/uploads\/2020\/11\/M_galerie_4-500x500.jpg 500w, https:\/\/marjolainebernard.com\/wp-content\/uploads\/2020\/11\/M_galerie_4-1024x1024.jpg 1024w, https:\/\/marjolainebernard.com\/wp-content\/uploads\/2020\/11\/M_galerie_4-768x768.jpg 768w, https:\/\/marjolainebernard.com\/wp-content\/uploads\/2020\/11\/M_galerie_4-100x100.jpg 100w, https:\/\/marjolainebernard.com\/wp-content\/uploads\/2020\/11\/M_galerie_4-600x600.jpg 600w, https:\/\/marjolainebernard.com\/wp-content\/uploads\/2020\/11\/M_galerie_4-65x65.jpg 65w, https:\/\/marjolainebernard.com\/wp-content\/uploads\/2020\/11\/M_galerie_4.jpg 1200w\" sizes=\"(max-width: 300px) 100vw, 300px\" \/><\/figure>\n\n\n\n<figure class=\"wp-block-image size-thumbnail\"><img decoding=\"async\" width=\"300\" height=\"300\" src=\"https:\/\/marjolainebernard.com\/wp-content\/uploads\/2020\/12\/PRE\u0301_2-1-300x300.jpg\" alt=\"\" class=\"wp-image-6025\" srcset=\"https:\/\/marjolainebernard.com\/wp-content\/uploads\/2020\/12\/PRE\u0301_2-1-300x300.jpg 300w, https:\/\/marjolainebernard.com\/wp-content\/uploads\/2020\/12\/PRE\u0301_2-1-600x600.jpg 600w, https:\/\/marjolainebernard.com\/wp-content\/uploads\/2020\/12\/PRE\u0301_2-1-100x100.jpg 100w, https:\/\/marjolainebernard.com\/wp-content\/uploads\/2020\/12\/PRE\u0301_2-1-65x65.jpg 65w\" sizes=\"(max-width: 300px) 100vw, 300px\" \/><\/figure>\n\n\n\n<figure class=\"wp-block-image size-thumbnail\"><img decoding=\"async\" width=\"300\" height=\"300\" src=\"https:\/\/marjolainebernard.com\/wp-content\/uploads\/2020\/11\/M_galerie_2-300x300.jpg\" alt=\"\" class=\"wp-image-5878\" srcset=\"https:\/\/marjolainebernard.com\/wp-content\/uploads\/2020\/11\/M_galerie_2-300x300.jpg 300w, https:\/\/marjolainebernard.com\/wp-content\/uploads\/2020\/11\/M_galerie_2-500x500.jpg 500w, https:\/\/marjolainebernard.com\/wp-content\/uploads\/2020\/11\/M_galerie_2-1024x1024.jpg 1024w, https:\/\/marjolainebernard.com\/wp-content\/uploads\/2020\/11\/M_galerie_2-768x768.jpg 768w, https:\/\/marjolainebernard.com\/wp-content\/uploads\/2020\/11\/M_galerie_2-100x100.jpg 100w, https:\/\/marjolainebernard.com\/wp-content\/uploads\/2020\/11\/M_galerie_2-600x600.jpg 600w, https:\/\/marjolainebernard.com\/wp-content\/uploads\/2020\/11\/M_galerie_2-65x65.jpg 65w, https:\/\/marjolainebernard.com\/wp-content\/uploads\/2020\/11\/M_galerie_2.jpg 1080w\" sizes=\"(max-width: 300px) 100vw, 300px\" \/><\/figure>\n\n\n\n<figure class=\"wp-block-image size-thumbnail\"><img decoding=\"async\" width=\"300\" height=\"300\" src=\"https:\/\/marjolainebernard.com\/wp-content\/uploads\/2020\/11\/M_galerie_7-300x300.jpg\" alt=\"\" class=\"wp-image-5883\" srcset=\"https:\/\/marjolainebernard.com\/wp-content\/uploads\/2020\/11\/M_galerie_7-300x300.jpg 300w, https:\/\/marjolainebernard.com\/wp-content\/uploads\/2020\/11\/M_galerie_7-500x500.jpg 500w, https:\/\/marjolainebernard.com\/wp-content\/uploads\/2020\/11\/M_galerie_7-1024x1024.jpg 1024w, https:\/\/marjolainebernard.com\/wp-content\/uploads\/2020\/11\/M_galerie_7-768x768.jpg 768w, https:\/\/marjolainebernard.com\/wp-content\/uploads\/2020\/11\/M_galerie_7-100x100.jpg 100w, https:\/\/marjolainebernard.com\/wp-content\/uploads\/2020\/11\/M_galerie_7-1536x1536.jpg 1536w, https:\/\/marjolainebernard.com\/wp-content\/uploads\/2020\/11\/M_galerie_7-2048x2048.jpg 2048w, https:\/\/marjolainebernard.com\/wp-content\/uploads\/2020\/11\/M_galerie_7-600x600.jpg 600w, https:\/\/marjolainebernard.com\/wp-content\/uploads\/2020\/11\/M_galerie_7-65x65.jpg 65w, https:\/\/marjolainebernard.com\/wp-content\/uploads\/2020\/11\/M_galerie_7-scaled.jpg 1200w\" sizes=\"(max-width: 300px) 100vw, 300px\" \/><\/figure>\n\n\n\n<figure class=\"wp-block-image size-thumbnail\"><img decoding=\"async\" width=\"300\" height=\"300\" src=\"https:\/\/marjolainebernard.com\/wp-content\/uploads\/2020\/11\/M_galerie_3-300x300.jpg\" alt=\"\" class=\"wp-image-5879\" srcset=\"https:\/\/marjolainebernard.com\/wp-content\/uploads\/2020\/11\/M_galerie_3-300x300.jpg 300w, https:\/\/marjolainebernard.com\/wp-content\/uploads\/2020\/11\/M_galerie_3-100x100.jpg 100w, https:\/\/marjolainebernard.com\/wp-content\/uploads\/2020\/11\/M_galerie_3-65x65.jpg 65w, https:\/\/marjolainebernard.com\/wp-content\/uploads\/2020\/11\/M_galerie_3.jpg 344w\" sizes=\"(max-width: 300px) 100vw, 300px\" \/><\/figure>\n\n\n\n<figure class=\"wp-block-image size-thumbnail\"><img decoding=\"async\" width=\"300\" height=\"300\" src=\"https:\/\/marjolainebernard.com\/wp-content\/uploads\/2020\/11\/M_galerie_5-300x300.jpg\" alt=\"\" class=\"wp-image-5881\" srcset=\"https:\/\/marjolainebernard.com\/wp-content\/uploads\/2020\/11\/M_galerie_5-300x300.jpg 300w, https:\/\/marjolainebernard.com\/wp-content\/uploads\/2020\/11\/M_galerie_5-100x100.jpg 100w, https:\/\/marjolainebernard.com\/wp-content\/uploads\/2020\/11\/M_galerie_5-65x65.jpg 65w, https:\/\/marjolainebernard.com\/wp-content\/uploads\/2020\/11\/M_galerie_5.jpg 408w\" sizes=\"(max-width: 300px) 100vw, 300px\" \/><\/figure>\n\n\n\n<figure class=\"wp-block-image size-full\"><img decoding=\"async\" width=\"800\" height=\"800\" src=\"https:\/\/marjolainebernard.com\/wp-content\/uploads\/2023\/09\/Avec-Yuli.jpg\" alt=\"\" class=\"wp-image-9912\" srcset=\"https:\/\/marjolainebernard.com\/wp-content\/uploads\/2023\/09\/Avec-Yuli.jpg 800w, https:\/\/marjolainebernard.com\/wp-content\/uploads\/2023\/09\/Avec-Yuli-500x500.jpg 500w, https:\/\/marjolainebernard.com\/wp-content\/uploads\/2023\/09\/Avec-Yuli-300x300.jpg 300w, https:\/\/marjolainebernard.com\/wp-content\/uploads\/2023\/09\/Avec-Yuli-768x768.jpg 768w, https:\/\/marjolainebernard.com\/wp-content\/uploads\/2023\/09\/Avec-Yuli-600x600.jpg 600w, https:\/\/marjolainebernard.com\/wp-content\/uploads\/2023\/09\/Avec-Yuli-65x65.jpg 65w\" sizes=\"(max-width: 800px) 100vw, 800px\" \/><\/figure>\n\n\n\n<figure class=\"wp-block-image size-thumbnail\"><img decoding=\"async\" width=\"300\" height=\"300\" src=\"https:\/\/marjolainebernard.com\/wp-content\/uploads\/2020\/11\/M_galerie_15-300x300.jpg\" alt=\"\" class=\"wp-image-5891\" srcset=\"https:\/\/marjolainebernard.com\/wp-content\/uploads\/2020\/11\/M_galerie_15-300x300.jpg 300w, https:\/\/marjolainebernard.com\/wp-content\/uploads\/2020\/11\/M_galerie_15-500x500.jpg 500w, https:\/\/marjolainebernard.com\/wp-content\/uploads\/2020\/11\/M_galerie_15-100x100.jpg 100w, https:\/\/marjolainebernard.com\/wp-content\/uploads\/2020\/11\/M_galerie_15-600x600.jpg 600w, https:\/\/marjolainebernard.com\/wp-content\/uploads\/2020\/11\/M_galerie_15-65x65.jpg 65w, https:\/\/marjolainebernard.com\/wp-content\/uploads\/2020\/11\/M_galerie_15.jpg 694w\" sizes=\"(max-width: 300px) 100vw, 300px\" \/><\/figure>\n\n\n\n<figure class=\"wp-block-image size-thumbnail\"><img decoding=\"async\" width=\"300\" height=\"300\" src=\"https:\/\/marjolainebernard.com\/wp-content\/uploads\/2020\/11\/M_galerie_6-300x300.jpg\" alt=\"\" class=\"wp-image-5882\" srcset=\"https:\/\/marjolainebernard.com\/wp-content\/uploads\/2020\/11\/M_galerie_6-300x300.jpg 300w, https:\/\/marjolainebernard.com\/wp-content\/uploads\/2020\/11\/M_galerie_6-500x500.jpg 500w, https:\/\/marjolainebernard.com\/wp-content\/uploads\/2020\/11\/M_galerie_6-1024x1024.jpg 1024w, https:\/\/marjolainebernard.com\/wp-content\/uploads\/2020\/11\/M_galerie_6-768x768.jpg 768w, https:\/\/marjolainebernard.com\/wp-content\/uploads\/2020\/11\/M_galerie_6-100x100.jpg 100w, https:\/\/marjolainebernard.com\/wp-content\/uploads\/2020\/11\/M_galerie_6-600x600.jpg 600w, https:\/\/marjolainebernard.com\/wp-content\/uploads\/2020\/11\/M_galerie_6-65x65.jpg 65w, https:\/\/marjolainebernard.com\/wp-content\/uploads\/2020\/11\/M_galerie_6.jpg 1200w\" sizes=\"(max-width: 300px) 100vw, 300px\" \/><\/figure>\n\n\n\n<figure class=\"wp-block-image size-thumbnail\"><img decoding=\"async\" width=\"300\" height=\"300\" src=\"https:\/\/marjolainebernard.com\/wp-content\/uploads\/2020\/11\/M_galerie_14-300x300.jpg\" alt=\"\" class=\"wp-image-5890\" srcset=\"https:\/\/marjolainebernard.com\/wp-content\/uploads\/2020\/11\/M_galerie_14-300x300.jpg 300w, https:\/\/marjolainebernard.com\/wp-content\/uploads\/2020\/11\/M_galerie_14-500x500.jpg 500w, https:\/\/marjolainebernard.com\/wp-content\/uploads\/2020\/11\/M_galerie_14-1024x1024.jpg 1024w, https:\/\/marjolainebernard.com\/wp-content\/uploads\/2020\/11\/M_galerie_14-768x768.jpg 768w, https:\/\/marjolainebernard.com\/wp-content\/uploads\/2020\/11\/M_galerie_14-100x100.jpg 100w, https:\/\/marjolainebernard.com\/wp-content\/uploads\/2020\/11\/M_galerie_14-1536x1536.jpg 1536w, https:\/\/marjolainebernard.com\/wp-content\/uploads\/2020\/11\/M_galerie_14-2048x2048.jpg 2048w, https:\/\/marjolainebernard.com\/wp-content\/uploads\/2020\/11\/M_galerie_14-600x600.jpg 600w, https:\/\/marjolainebernard.com\/wp-content\/uploads\/2020\/11\/M_galerie_14-65x65.jpg 65w, https:\/\/marjolainebernard.com\/wp-content\/uploads\/2020\/11\/M_galerie_14-scaled.jpg 1200w\" sizes=\"(max-width: 300px) 100vw, 300px\" \/><\/figure>\n\n\n\n<figure class=\"wp-block-image size-thumbnail\"><img decoding=\"async\" width=\"300\" height=\"300\" src=\"https:\/\/marjolainebernard.com\/wp-content\/uploads\/2021\/02\/Concert-olfactif-1x1-1-300x300.png\" alt=\"\" class=\"wp-image-6300\" srcset=\"https:\/\/marjolainebernard.com\/wp-content\/uploads\/2021\/02\/Concert-olfactif-1x1-1-300x300.png 300w, https:\/\/marjolainebernard.com\/wp-content\/uploads\/2021\/02\/Concert-olfactif-1x1-1-500x498.png 500w, https:\/\/marjolainebernard.com\/wp-content\/uploads\/2021\/02\/Concert-olfactif-1x1-1-100x100.png 100w, https:\/\/marjolainebernard.com\/wp-content\/uploads\/2021\/02\/Concert-olfactif-1x1-1-65x65.png 65w, https:\/\/marjolainebernard.com\/wp-content\/uploads\/2021\/02\/Concert-olfactif-1x1-1.png 541w\" sizes=\"(max-width: 300px) 100vw, 300px\" \/><\/figure>\n\n\n\n<figure class=\"wp-block-image size-thumbnail\"><img decoding=\"async\" width=\"300\" height=\"300\" src=\"https:\/\/marjolainebernard.com\/wp-content\/uploads\/2020\/12\/PRE\u0301_1-300x300.jpg\" alt=\"\" class=\"wp-image-6023\" srcset=\"https:\/\/marjolainebernard.com\/wp-content\/uploads\/2020\/12\/PRE\u0301_1-300x300.jpg 300w, https:\/\/marjolainebernard.com\/wp-content\/uploads\/2020\/12\/PRE\u0301_1-600x600.jpg 600w, https:\/\/marjolainebernard.com\/wp-content\/uploads\/2020\/12\/PRE\u0301_1-100x100.jpg 100w, https:\/\/marjolainebernard.com\/wp-content\/uploads\/2020\/12\/PRE\u0301_1-65x65.jpg 65w\" sizes=\"(max-width: 300px) 100vw, 300px\" \/><\/figure>\n<\/figure>\n<\/div><\/section>\n","protected":false},"excerpt":{"rendered":"","protected":false},"author":1,"featured_media":5438,"parent":0,"menu_order":6,"comment_status":"closed","ping_status":"closed","template":"","meta":{"qubely_global_settings":"","qubely_interactions":"","_uag_custom_page_level_css":"","site-sidebar-layout":"no-sidebar","site-content-layout":"page-builder","ast-site-content-layout":"full-width-container","site-content-style":"unboxed","site-sidebar-style":"unboxed","ast-global-header-display":"","ast-banner-title-visibility":"","ast-main-header-display":"","ast-hfb-above-header-display":"","ast-hfb-below-header-display":"","ast-hfb-mobile-header-display":"","site-post-title":"disabled","ast-breadcrumbs-content":"","ast-featured-img":"disabled","footer-sml-layout":"","ast-disable-related-posts":"","theme-transparent-header-meta":"default","adv-header-id-meta":"4967","stick-header-meta":"default","header-above-stick-meta":"","header-main-stick-meta":"","header-below-stick-meta":"","astra-migrate-meta-layouts":"set","ast-page-background-enabled":"default","ast-page-background-meta":{"desktop":{"background-color":"","background-image":"","background-repeat":"repeat","background-position":"center center","background-size":"auto","background-attachment":"scroll","background-type":"","background-media":"","overlay-type":"","overlay-color":"","overlay-opacity":"","overlay-gradient":""},"tablet":{"background-color":"","background-image":"","background-repeat":"repeat","background-position":"center center","background-size":"auto","background-attachment":"scroll","background-type":"","background-media":"","overlay-type":"","overlay-color":"","overlay-opacity":"","overlay-gradient":""},"mobile":{"background-color":"","background-image":"","background-repeat":"repeat","background-position":"center center","background-size":"auto","background-attachment":"scroll","background-type":"","background-media":"","overlay-type":"","overlay-color":"","overlay-opacity":"","overlay-gradient":""}},"ast-content-background-meta":{"desktop":{"background-color":"var(--ast-global-color-5)","background-image":"","background-repeat":"repeat","background-position":"center center","background-size":"auto","background-attachment":"scroll","background-type":"","background-media":"","overlay-type":"","overlay-color":"","overlay-opacity":"","overlay-gradient":""},"tablet":{"background-color":"var(--ast-global-color-5)","background-image":"","background-repeat":"repeat","background-position":"center center","background-size":"auto","background-attachment":"scroll","background-type":"","background-media":"","overlay-type":"","overlay-color":"","overlay-opacity":"","overlay-gradient":""},"mobile":{"background-color":"var(--ast-global-color-5)","background-image":"","background-repeat":"repeat","background-position":"center center","background-size":"auto","background-attachment":"scroll","background-type":"","background-media":"","overlay-type":"","overlay-color":"","overlay-opacity":"","overlay-gradient":""}},"footnotes":""},"uagb_featured_image_src":{"full":["https:\/\/marjolainebernard.com\/wp-content\/uploads\/2020\/10\/marjoram-scaled.jpg",1200,799,false],"thumbnail":["https:\/\/marjolainebernard.com\/wp-content\/uploads\/2020\/10\/marjoram-300x300.jpg",300,300,true],"medium":["https:\/\/marjolainebernard.com\/wp-content\/uploads\/2020\/10\/marjoram-500x333.jpg",500,333,true],"medium_large":["https:\/\/marjolainebernard.com\/wp-content\/uploads\/2020\/10\/marjoram-768x511.jpg",768,511,true],"large":["https:\/\/marjolainebernard.com\/wp-content\/uploads\/2020\/10\/marjoram-1024x682.jpg",1024,682,true],"thumblist":["https:\/\/marjolainebernard.com\/wp-content\/uploads\/2020\/10\/marjoram-300x300.jpg",300,300,true],"meccarouselthumb":["https:\/\/marjolainebernard.com\/wp-content\/uploads\/2020\/10\/marjoram-474x324.jpg",474,324,true],"gridsquare":["https:\/\/marjolainebernard.com\/wp-content\/uploads\/2020\/10\/marjoram-391x260.jpg",391,260,true],"tileview":["https:\/\/marjolainebernard.com\/wp-content\/uploads\/2020\/10\/marjoram-300x400.jpg",300,400,true],"1536x1536":["https:\/\/marjolainebernard.com\/wp-content\/uploads\/2020\/10\/marjoram-1536x1022.jpg",1536,1022,true],"2048x2048":["https:\/\/marjolainebernard.com\/wp-content\/uploads\/2020\/10\/marjoram-2048x1363.jpg",2048,1363,true],"qubely_landscape":["https:\/\/marjolainebernard.com\/wp-content\/uploads\/2020\/10\/marjoram-scaled.jpg",1126,750,false],"qubely_portrait":["https:\/\/marjolainebernard.com\/wp-content\/uploads\/2020\/10\/marjoram-scaled.jpg",481,320,false],"qubely_thumbnail":["https:\/\/marjolainebernard.com\/wp-content\/uploads\/2020\/10\/marjoram-scaled.jpg",140,93,false],"ultp_layout_landscape_large":["https:\/\/marjolainebernard.com\/wp-content\/uploads\/2020\/10\/marjoram-scaled.jpg",1200,799,false],"ultp_layout_landscape":["https:\/\/marjolainebernard.com\/wp-content\/uploads\/2020\/10\/marjoram-scaled.jpg",856,570,false],"ultp_layout_portrait":["https:\/\/marjolainebernard.com\/wp-content\/uploads\/2020\/10\/marjoram-scaled.jpg",600,400,false],"ultp_layout_square":["https:\/\/marjolainebernard.com\/wp-content\/uploads\/2020\/10\/marjoram-scaled.jpg",600,400,false],"wp_review_small":["https:\/\/marjolainebernard.com\/wp-content\/uploads\/2020\/10\/marjoram-65x65.jpg",65,65,true],"wp_review_large":["https:\/\/marjolainebernard.com\/wp-content\/uploads\/2020\/10\/marjoram-320x240.jpg",320,240,true]},"uagb_author_info":{"display_name":"Marjolaine","author_link":"https:\/\/marjolainebernard.com\/index.php\/author\/admin8776\/"},"uagb_comment_info":0,"uagb_excerpt":null,"_links":{"self":[{"href":"https:\/\/marjolainebernard.com\/index.php\/wp-json\/wp\/v2\/pages\/621"}],"collection":[{"href":"https:\/\/marjolainebernard.com\/index.php\/wp-json\/wp\/v2\/pages"}],"about":[{"href":"https:\/\/marjolainebernard.com\/index.php\/wp-json\/wp\/v2\/types\/page"}],"author":[{"embeddable":true,"href":"https:\/\/marjolainebernard.com\/index.php\/wp-json\/wp\/v2\/users\/1"}],"replies":[{"embeddable":true,"href":"https:\/\/marjolainebernard.com\/index.php\/wp-json\/wp\/v2\/comments?post=621"}],"version-history":[{"count":202,"href":"https:\/\/marjolainebernard.com\/index.php\/wp-json\/wp\/v2\/pages\/621\/revisions"}],"predecessor-version":[{"id":10245,"href":"https:\/\/marjolainebernard.com\/index.php\/wp-json\/wp\/v2\/pages\/621\/revisions\/10245"}],"wp:featuredmedia":[{"embeddable":true,"href":"https:\/\/marjolainebernard.com\/index.php\/wp-json\/wp\/v2\/media\/5438"}],"wp:attachment":[{"href":"https:\/\/marjolainebernard.com\/index.php\/wp-json\/wp\/v2\/media?parent=621"}],"curies":[{"name":"wp","href":"https:\/\/api.w.org\/{rel}","templated":true}]}}