{"id":7548,"date":"2022-01-27T13:44:51","date_gmt":"2022-01-27T12:44:51","guid":{"rendered":"https:\/\/marjolainebernard.com\/?page_id=7548"},"modified":"2022-12-31T10:50:46","modified_gmt":"2022-12-31T09:50:46","slug":"participation-consciente","status":"publish","type":"page","link":"https:\/\/marjolainebernard.com\/index.php\/participation-consciente\/","title":{"rendered":"PARTICIPATION CONSCIENTE"},"content":{"rendered":"\n<section class=\"wp-block-uagb-section uagb-section__wrap uagb-section__background-none uagb-block-24114874\"><div class=\"uagb-section__overlay\"><\/div><div class=\"uagb-section__inner-wrap\">\n<section class=\"wp-block-uagb-columns uagb-columns__wrap uagb-columns__stack-mobile uagb-columns__valign- uagb-columns__gap-10 align uagb-block-da050ac8 uagb-columns__columns-1 uagb-columns__max_width-theme\"><div class=\"uagb-columns__overlay\"><\/div><div class=\"uagb-columns__inner-wrap uagb-columns__columns-1\">\n<div class=\"wp-block-uagb-column uagb-column__wrap uagb-column__background-color uagb-block-fa2f1e9e\"><div class=\"uagb-column__overlay\"><\/div>\n<div class=\"wp-block-uagb-advanced-heading uagb-block-0fd7ebe0\"><h3 class=\"uagb-heading-text\">Changer de paradigme<\/h3><p class=\"uagb-desc-text\">Dans une \u00e9poque souvent marqu\u00e9e par les tensions et les in\u00e9galit\u00e9s,<br>avoir confiance en la capacit\u00e9 d\u2019un groupe humain \u00e0 pratiquer la solidarit\u00e9,<br>\u00e0 d\u00e9velopper un sentiment de responsabilit\u00e9 collective, \u00e0 s\u2019auto-r\u00e9guler\u2026<br>Ouvrir un chemin de transformation individuelle et collective. <\/p><\/div>\n<\/div>\n<\/div><\/section>\n\n\n\n<p><\/p>\n<\/div><\/section>\n\n\n\n<section class=\"wp-block-uagb-section uagb-section__wrap uagb-section__background-undefined uagb-block-52bc5c33\"><div class=\"uagb-section__overlay\"><\/div><div class=\"uagb-section__inner-wrap\">\n<h3 class=\"wp-block-heading\">Qu\u2019est-ce que la participation libre et consciente ?<\/h3>\n\n\n\n<p>La participation consciente est une autre fa\u00e7on d\u2019envisager la r\u00e9mun\u00e9ration d\u2019un produit ou d\u2019une prestation. Ce mode de valorisation participatif et solidaire propose une alternative au mod\u00e8le \u00e9conomique actuellement pratiqu\u00e9 (le march\u00e9 \u00ab&nbsp;libre&nbsp;\u00bb), afin de cr\u00e9er les conditions pour la transition sociale et \u00e9conomique, dont notre plan\u00e8te a besoin si urgemment pour continuer \u00e0 nous (sup)porter.<\/p>\n\n\n\n<p>La participation consciente change la r\u00e8gle \u00e9tablie. Elle ouvre une voie de questionnements dans notre rapport \u00e0 l\u2019argent et notre fa\u00e7on d\u2019\u00e9changer nos richesses. En bousculant les sch\u00e9mas habituels, la participation consciente constitue une belle opportunit\u00e9 de remettre en question nos habitudes de fonctionnement et d\u2019imaginer des rapports plus humains et plus collaboratifs. Cette forme de r\u00e9mun\u00e9ration n\u00e9cessite de la conscience autant pour \u00eatre propos\u00e9e que pratiqu\u00e9e.<br>La participation consciente est une pratique de solidarit\u00e9, o\u00f9 chaque personne \u2013 quels que soient ses revenus \u2013 peut b\u00e9n\u00e9ficier du m\u00eame produit ou du m\u00eame service en impliquant une notion de responsabilisation et d\u2019entraide dans l\u2019\u00e9change. Elle me permet de gagner en r\u00e9silience financi\u00e8re, et elle nous permet de co-cr\u00e9er un monde plus juste et \u00e9quitable.<\/p>\n\n\n\n<h3 class=\"wp-block-heading\">En pratique, comment cela fonctionne-t-il ?<\/h3>\n\n\n\n<ul><li>La participation consciente est la somme que vous souhaitez ou pouvez donner en conscience pour ce que vous avez v\u00e9cu. Il vous est possible de faire un don apr\u00e8s un achat en ligne effectu\u00e9 avec un petit montant, pour r\u00e9\u00e9valuer la valeur des b\u00e9n\u00e9fices que vous avez tir\u00e9 du produit ou de la prestation.<\/li><li>Une suggestion de montant (minimum, m\u00e9dian, maximum) est indiqu\u00e9e, pour donner un rep\u00e8re. Vous pouvez verser la somme que vous voulez dans cette fourchette.<\/li><li>La participation financi\u00e8re est remise au moment d\u2019un achat en ligne, ou \u00e0 la fin de la prestation en pr\u00e9sentiel de fa\u00e7on non-anonyme sous enveloppe, sans justification du don r\u00e9alis\u00e9. Les autres participants ne sont pas inform\u00e9s du montant donn\u00e9. Le don nominatif et confidentiel permet d\u2019assumer de fa\u00e7on responsable ce que l\u2019on peut ou ce que l\u2019on veut donner.<br>Une facture est produite apr\u00e8s r\u00e8glement des achats en ligne, et peut \u00eatre demand\u00e9e lors des prestations en pr\u00e9sentiel&nbsp;; elle sera transmise par mail.<\/li><li>Lors des prestations en pr\u00e9sentiel, la participation consciente fait toujours l\u2019objet d\u2019un temps d\u2019explication de partage au d\u00e9but mais \u00e9galement \u00e0 la fin de l\u2019activit\u00e9. Pour les achats en ligne, vous pouvez vous r\u00e9f\u00e9rer au billet de blog explicatif de ma d\u00e9marche en cliquant sur le lien&nbsp;: Participation consciente, pourquoi, comment&nbsp;?<\/li><\/ul>\n\n\n\n<h3 class=\"wp-block-heading\">Comment d\u00e9terminer votre participation ?<\/h3>\n\n\n\n<p>Plusieurs \u00e9l\u00e9ments sont \u00e0 prendre en compte :<\/p>\n\n\n\n<ul><li>La valeur estim\u00e9e de ce que vous avez re\u00e7u qui comprend non seulement l\u2019activit\u00e9 proprement dite, mais sa pr\u00e9paration et tous les efforts n\u00e9cessaires \u00e0 sa r\u00e9alisation.<\/li><li>Vos possibilit\u00e9s financi\u00e8res.<\/li><li>Les co\u00fbts directs et indirects de la r\u00e9alisation et la mise \u00e0 disposition du produit ou de la prestation que vous achetez (moyens techniques, location des lieux, frais de d\u00e9placement).<\/li><li>Les projets futurs.<\/li><\/ul>\n\n\n\n<p>Dans la description du produit ou de la prestation, vous serez inform\u00e9\u00b7e de son prix de revient (l\u2019ensemble des frais directs et indirects n\u00e9cessaires pour que l\u2019activit\u00e9 puisse se tenir avec le niveau de qualit\u00e9 requise).<\/p>\n\n\n\n<p>En donnant plus<\/p>\n\n\n\n<ul><li>Vous contribuez au d\u00e9veloppement et \u00e0 la r\u00e9alisation de projets futurs.<\/li><li>Vous compensez les participations inf\u00e9rieures au seuil d\u2019\u00e9quilibre financier du produit ou de la prestation.<\/li><\/ul>\n\n\n\n<h3 class=\"wp-block-heading\">La participation consciente par l\u2019Universit\u00e9 du Nous<\/h3>\n\n\n\n<p>La Participation Consciente a \u00e9t\u00e9 cr\u00e9\u00e9e par l\u2019Universit\u00e9 du Nous et est d\u00e9pos\u00e9e sur la <a rel=\"noreferrer noopener\" href=\"https:\/\/creativecommons.org\/licenses\/?lang=fr-FR\" data-type=\"URL\" data-id=\"https:\/\/creativecommons.org\/licenses\/?lang=fr-FR\" target=\"_blank\">licence Creative Commons<\/a>.<\/p>\n<\/div><\/section>\n","protected":false},"excerpt":{"rendered":"","protected":false},"author":1,"featured_media":7589,"parent":0,"menu_order":0,"comment_status":"closed","ping_status":"closed","template":"","meta":{"qubely_global_settings":"","qubely_interactions":"","_uag_custom_page_level_css":"","site-sidebar-layout":"default","site-content-layout":"","ast-site-content-layout":"default","site-content-style":"default","site-sidebar-style":"default","ast-global-header-display":"","ast-banner-title-visibility":"","ast-main-header-display":"","ast-hfb-above-header-display":"","ast-hfb-below-header-display":"","ast-hfb-mobile-header-display":"","site-post-title":"","ast-breadcrumbs-content":"","ast-featured-img":"","footer-sml-layout":"","ast-disable-related-posts":"","theme-transparent-header-meta":"","adv-header-id-meta":"","stick-header-meta":"","header-above-stick-meta":"","header-main-stick-meta":"","header-below-stick-meta":"","astra-migrate-meta-layouts":"default","ast-page-background-enabled":"default","ast-page-background-meta":{"desktop":{"background-color":"","background-image":"","background-repeat":"repeat","background-position":"center center","background-size":"auto","background-attachment":"scroll","background-type":"","background-media":"","overlay-type":"","overlay-color":"","overlay-opacity":"","overlay-gradient":""},"tablet":{"background-color":"","background-image":"","background-repeat":"repeat","background-position":"center center","background-size":"auto","background-attachment":"scroll","background-type":"","background-media":"","overlay-type":"","overlay-color":"","overlay-opacity":"","overlay-gradient":""},"mobile":{"background-color":"","background-image":"","background-repeat":"repeat","background-position":"center center","background-size":"auto","background-attachment":"scroll","background-type":"","background-media":"","overlay-type":"","overlay-color":"","overlay-opacity":"","overlay-gradient":""}},"ast-content-background-meta":{"desktop":{"background-color":"var(--ast-global-color-5)","background-image":"","background-repeat":"repeat","background-position":"center center","background-size":"auto","background-attachment":"scroll","background-type":"","background-media":"","overlay-type":"","overlay-color":"","overlay-opacity":"","overlay-gradient":""},"tablet":{"background-color":"var(--ast-global-color-5)","background-image":"","background-repeat":"repeat","background-position":"center center","background-size":"auto","background-attachment":"scroll","background-type":"","background-media":"","overlay-type":"","overlay-color":"","overlay-opacity":"","overlay-gradient":""},"mobile":{"background-color":"var(--ast-global-color-5)","background-image":"","background-repeat":"repeat","background-position":"center center","background-size":"auto","background-attachment":"scroll","background-type":"","background-media":"","overlay-type":"","overlay-color":"","overlay-opacity":"","overlay-gradient":""}},"footnotes":""},"uagb_featured_image_src":{"full":["https:\/\/marjolainebernard.com\/wp-content\/uploads\/2022\/01\/PARTICIPATION-CONSCIENTE.jpg",1200,583,false],"thumbnail":["https:\/\/marjolainebernard.com\/wp-content\/uploads\/2022\/01\/PARTICIPATION-CONSCIENTE-300x300.jpg",300,300,true],"medium":["https:\/\/marjolainebernard.com\/wp-content\/uploads\/2022\/01\/PARTICIPATION-CONSCIENTE-500x243.jpg",500,243,true],"medium_large":["https:\/\/marjolainebernard.com\/wp-content\/uploads\/2022\/01\/PARTICIPATION-CONSCIENTE-768x373.jpg",768,373,true],"large":["https:\/\/marjolainebernard.com\/wp-content\/uploads\/2022\/01\/PARTICIPATION-CONSCIENTE-1024x497.jpg",1024,497,true],"thumblist":["https:\/\/marjolainebernard.com\/wp-content\/uploads\/2022\/01\/PARTICIPATION-CONSCIENTE-300x300.jpg",300,300,true],"meccarouselthumb":["https:\/\/marjolainebernard.com\/wp-content\/uploads\/2022\/01\/PARTICIPATION-CONSCIENTE-474x324.jpg",474,324,true],"gridsquare":["https:\/\/marjolainebernard.com\/wp-content\/uploads\/2022\/01\/PARTICIPATION-CONSCIENTE-391x260.jpg",391,260,true],"tileview":["https:\/\/marjolainebernard.com\/wp-content\/uploads\/2022\/01\/PARTICIPATION-CONSCIENTE-300x400.jpg",300,400,true],"1536x1536":["https:\/\/marjolainebernard.com\/wp-content\/uploads\/2022\/01\/PARTICIPATION-CONSCIENTE-1536x746.jpg",1536,746,true],"2048x2048":["https:\/\/marjolainebernard.com\/wp-content\/uploads\/2022\/01\/PARTICIPATION-CONSCIENTE.jpg",1200,583,false],"qubely_landscape":["https:\/\/marjolainebernard.com\/wp-content\/uploads\/2022\/01\/PARTICIPATION-CONSCIENTE.jpg",1200,583,false],"qubely_portrait":["https:\/\/marjolainebernard.com\/wp-content\/uploads\/2022\/01\/PARTICIPATION-CONSCIENTE.jpg",540,262,false],"qubely_thumbnail":["https:\/\/marjolainebernard.com\/wp-content\/uploads\/2022\/01\/PARTICIPATION-CONSCIENTE.jpg",140,68,false],"ultp_layout_landscape_large":["https:\/\/marjolainebernard.com\/wp-content\/uploads\/2022\/01\/PARTICIPATION-CONSCIENTE-1200x800.jpg",1200,800,true],"ultp_layout_landscape":["https:\/\/marjolainebernard.com\/wp-content\/uploads\/2022\/01\/PARTICIPATION-CONSCIENTE-870x570.jpg",870,570,true],"ultp_layout_portrait":["https:\/\/marjolainebernard.com\/wp-content\/uploads\/2022\/01\/PARTICIPATION-CONSCIENTE-600x900.jpg",600,900,true],"ultp_layout_square":["https:\/\/marjolainebernard.com\/wp-content\/uploads\/2022\/01\/PARTICIPATION-CONSCIENTE-600x600.jpg",600,600,true],"wp_review_small":["https:\/\/marjolainebernard.com\/wp-content\/uploads\/2022\/01\/PARTICIPATION-CONSCIENTE-65x65.jpg",65,65,true],"wp_review_large":["https:\/\/marjolainebernard.com\/wp-content\/uploads\/2022\/01\/PARTICIPATION-CONSCIENTE-320x240.jpg",320,240,true]},"uagb_author_info":{"display_name":"Marjolaine","author_link":"https:\/\/marjolainebernard.com\/index.php\/author\/admin8776\/"},"uagb_comment_info":0,"uagb_excerpt":null,"_links":{"self":[{"href":"https:\/\/marjolainebernard.com\/index.php\/wp-json\/wp\/v2\/pages\/7548"}],"collection":[{"href":"https:\/\/marjolainebernard.com\/index.php\/wp-json\/wp\/v2\/pages"}],"about":[{"href":"https:\/\/marjolainebernard.com\/index.php\/wp-json\/wp\/v2\/types\/page"}],"author":[{"embeddable":true,"href":"https:\/\/marjolainebernard.com\/index.php\/wp-json\/wp\/v2\/users\/1"}],"replies":[{"embeddable":true,"href":"https:\/\/marjolainebernard.com\/index.php\/wp-json\/wp\/v2\/comments?post=7548"}],"version-history":[{"count":7,"href":"https:\/\/marjolainebernard.com\/index.php\/wp-json\/wp\/v2\/pages\/7548\/revisions"}],"predecessor-version":[{"id":9456,"href":"https:\/\/marjolainebernard.com\/index.php\/wp-json\/wp\/v2\/pages\/7548\/revisions\/9456"}],"wp:featuredmedia":[{"embeddable":true,"href":"https:\/\/marjolainebernard.com\/index.php\/wp-json\/wp\/v2\/media\/7589"}],"wp:attachment":[{"href":"https:\/\/marjolainebernard.com\/index.php\/wp-json\/wp\/v2\/media?parent=7548"}],"curies":[{"name":"wp","href":"https:\/\/api.w.org\/{rel}","templated":true}]}}